{"id":1424,"date":"2022-10-29T14:38:13","date_gmt":"2022-10-29T12:38:13","guid":{"rendered":"http:\/\/localhost\/login\/"},"modified":"2025-03-16T09:31:53","modified_gmt":"2025-03-16T09:31:53","slug":"login","status":"publish","type":"page","link":"https:\/\/chemdive.hollaender-web.com\/wordpress\/login\/","title":{"rendered":"Anmelden"},"content":{"rendered":"\t\t<div data-elementor-type=\"wp-page\" data-elementor-id=\"1424\" class=\"elementor elementor-1424\">\n\t\t\t\t\t\t\t\t\t<section class=\"elementor-section elementor-top-section elementor-element elementor-element-2825bd13 elementor-section-height-min-height elementor-section-full_width elementor-section-height-default elementor-section-items-middle\" data-id=\"2825bd13\" data-element_type=\"section\" data-settings=\"{&quot;background_background&quot;:&quot;classic&quot;,&quot;_ha_eqh_enable&quot;:false}\">\n\t\t\t\t\t\t<div class=\"elementor-container elementor-column-gap-default\">\n\t\t\t\t\t<div class=\"elementor-column elementor-col-50 elementor-top-column elementor-element elementor-element-0ed5698\" data-id=\"0ed5698\" data-element_type=\"column\">\n\t\t\t<div class=\"elementor-widget-wrap elementor-element-populated\">\n\t\t\t\t\t\t\t\t<div class=\"elementor-element elementor-element-1ccb096 elementor-widget elementor-widget-heading\" data-id=\"1ccb096\" data-element_type=\"widget\" data-widget_type=\"heading.default\">\n\t\t\t\t<div class=\"elementor-widget-container\">\n\t\t\t<style>\/*! elementor - v3.15.0 - 20-08-2023 *\/\n.elementor-heading-title{padding:0;margin:0;line-height:1}.elementor-widget-heading .elementor-heading-title[class*=elementor-size-]>a{color:inherit;font-size:inherit;line-height:inherit}.elementor-widget-heading .elementor-heading-title.elementor-size-small{font-size:15px}.elementor-widget-heading .elementor-heading-title.elementor-size-medium{font-size:19px}.elementor-widget-heading .elementor-heading-title.elementor-size-large{font-size:29px}.elementor-widget-heading .elementor-heading-title.elementor-size-xl{font-size:39px}.elementor-widget-heading .elementor-heading-title.elementor-size-xxl{font-size:59px}<\/style><h2 class=\"elementor-heading-title elementor-size-default\">Willkommen bei ChemDive<\/h2>\t\t<\/div>\n\t\t\t\t<\/div>\n\t\t\t\t<div class=\"elementor-element elementor-element-304daf9 elementor-widget elementor-widget-heading\" data-id=\"304daf9\" data-element_type=\"widget\" data-widget_type=\"heading.default\">\n\t\t\t\t<div class=\"elementor-widget-container\">\n\t\t\t<h2 class=\"elementor-heading-title elementor-size-default\">Das digitale Planungstool f\u00fcr den Unterricht mit UDL-Spin<\/h2>\t\t<\/div>\n\t\t\t\t<\/div>\n\t\t\t\t\t<\/div>\n\t\t<\/div>\n\t\t\t\t<div class=\"elementor-column elementor-col-50 elementor-top-column elementor-element elementor-element-1203cf1c\" data-id=\"1203cf1c\" data-element_type=\"column\" data-settings=\"{&quot;background_background&quot;:&quot;classic&quot;}\">\n\t\t\t<div class=\"elementor-widget-wrap elementor-element-populated\">\n\t\t\t\t\t\t\t\t<section class=\"elementor-section elementor-inner-section elementor-element elementor-element-8ea2b61 elementor-section-boxed elementor-section-height-default elementor-section-height-default\" data-id=\"8ea2b61\" data-element_type=\"section\" data-settings=\"{&quot;background_background&quot;:&quot;classic&quot;,&quot;_ha_eqh_enable&quot;:false}\">\n\t\t\t\t\t\t<div class=\"elementor-container elementor-column-gap-default\">\n\t\t\t\t\t<div class=\"elementor-column elementor-col-100 elementor-inner-column elementor-element elementor-element-6e8c473\" data-id=\"6e8c473\" data-element_type=\"column\" data-settings=\"{&quot;background_background&quot;:&quot;classic&quot;}\">\n\t\t\t<div class=\"elementor-widget-wrap elementor-element-populated\">\n\t\t\t\t\t\t\t\t<div class=\"elementor-element elementor-element-0e53974 elementor-widget elementor-widget-heading\" data-id=\"0e53974\" data-element_type=\"widget\" data-widget_type=\"heading.default\">\n\t\t\t\t<div class=\"elementor-widget-container\">\n\t\t\t<h2 class=\"elementor-heading-title elementor-size-default\">Anmelden<\/h2>\t\t<\/div>\n\t\t\t\t<\/div>\n\t\t\t\t<div class=\"elementor-element elementor-element-1c563c5 custom-login-form elementor-widget elementor-widget-shortcode\" data-id=\"1c563c5\" data-element_type=\"widget\" data-widget_type=\"shortcode.default\">\n\t\t\t\t<div class=\"elementor-widget-container\">\n\t\t\t\t\t<div class=\"elementor-shortcode\">\n<div class=\"um um-login um-13\">\n\n\t<div class=\"um-form\">\n\n\t\t<form method=\"post\" action=\"\" autocomplete=\"off\">\n\n\t\t\t<div class=\"um-row _um_row_1 \" style=\"margin: 0 0 30px 0;\"><div class=\"um-col-1\"><div  id=\"um_field_13_username\" class=\"um-field um-field-text  um-field-username um-field-text um-field-type_text\" data-key=\"username\"><div class=\"um-field-area\"><div class=\"um-field-icon\"><i class=\"um-faicon-user\"><\/i><\/div><input  autocomplete=\"off\" class=\"um-form-field valid um-iconed \" type=\"text\" name=\"username-13\" id=\"username-13\" value=\"\" placeholder=\"Benutzername oder E-Mail\" data-validate=\"unique_username_or_email\" data-key=\"username\" \/>\n\n\t\t\t\t\t\t<\/div><\/div><div  id=\"um_field_13_user_password\" class=\"um-field um-field-password  um-field-user_password um-field-password um-field-type_password\" data-key=\"user_password\"><div class=\"um-field-area\"><div class=\"um-field-icon\"><i class=\"um-icon-locked\"><\/i><\/div><input class=\"um-form-field valid um-iconed \" type=\"password\" name=\"user_password-13\" id=\"user_password-13\" value=\"\" placeholder=\"Passwort\" data-validate=\"\" data-key=\"user_password\" \/>\n\n\t\t\t\t\t\t\t<\/div><\/div><\/div><\/div>\t\t<input type=\"hidden\" name=\"form_id\" id=\"form_id_13\" value=\"13\" \/>\n\t\n\t<p class=\"um_request_name\">\n\t\t<label for=\"um_request_13\">Only fill in if you are not human<\/label>\n\t\t<input type=\"hidden\" name=\"um_request\" id=\"um_request_13\" class=\"input\" value=\"\" size=\"25\" autocomplete=\"off\" \/>\n\t<\/p>\n\n\t<input type=\"hidden\" name=\"redirect_to\" id=\"redirect_to\" value=\"https:\/\/chemdive.hollaender-web.com\/wordpress\/index.php\/chemdive\/\" \/><input type=\"hidden\" id=\"_wpnonce\" name=\"_wpnonce\" value=\"914287ea0c\" \/><input type=\"hidden\" name=\"_wp_http_referer\" value=\"\/wordpress\/wp-json\/wp\/v2\/pages\/1424\" \/>\n\t<div class=\"um-col-alt\">\n\n\t\t\n\n\t\t\t<div class=\"um-field um-field-c\">\n\t\t\t\t<div class=\"um-field-area\">\n\t\t\t\t\t<label class=\"um-field-checkbox\">\n\t\t\t\t\t\t<input type=\"checkbox\" name=\"rememberme\" value=\"1\"  \/>\n\t\t\t\t\t\t<span class=\"um-field-checkbox-state\"><i class=\"um-icon-android-checkbox-outline-blank\"><\/i><\/span>\n\t\t\t\t\t\t<span class=\"um-field-checkbox-option\"> Angemeldet bleiben<\/span>\n\t\t\t\t\t<\/label>\n\t\t\t\t<\/div>\n\t\t\t<\/div>\n\n\t\t\t\t\t\t<div class=\"um-clear\"><\/div>\n\t\t\n\t\t\t<div class=\"um-center\">\n\t\t\t\t<input type=\"submit\" value=\"Anmelden\" class=\"um-button\" id=\"um-submit-btn\" \/>\n\t\t\t<\/div>\n\n\t\t\n\t\t<div class=\"um-clear\"><\/div>\n\n\t<\/div>\n\n\t\n\t\t<\/form>\n\n\t<\/div>\n\n<\/div>\n<style>\n\t\t\t.um-13.um {\n\t\t\tmax-width: 350px;\n\t\t}\n\t\t<\/style>\n<\/div>\n\t\t\t\t<\/div>\n\t\t\t\t<\/div>\n\t\t\t\t\t<\/div>\n\t\t<\/div>\n\t\t\t\t\t\t\t<\/div>\n\t\t<\/section>\n\t\t\t\t<section class=\"elementor-section elementor-inner-section elementor-element elementor-element-5585ef9 elementor-section-boxed elementor-section-height-default elementor-section-height-default\" data-id=\"5585ef9\" data-element_type=\"section\" data-settings=\"{&quot;background_background&quot;:&quot;classic&quot;,&quot;_ha_eqh_enable&quot;:false}\">\n\t\t\t\t\t\t<div class=\"elementor-container elementor-column-gap-default\">\n\t\t\t\t\t<div class=\"elementor-column elementor-col-100 elementor-inner-column elementor-element elementor-element-b5e1aad\" data-id=\"b5e1aad\" data-element_type=\"column\" data-settings=\"{&quot;background_background&quot;:&quot;classic&quot;}\">\n\t\t\t<div class=\"elementor-widget-wrap elementor-element-populated\">\n\t\t\t\t\t\t\t\t<div class=\"elementor-element elementor-element-73a3224 elementor-widget__width-auto elementor-widget elementor-widget-heading\" data-id=\"73a3224\" data-element_type=\"widget\" data-widget_type=\"heading.default\">\n\t\t\t\t<div class=\"elementor-widget-container\">\n\t\t\t<h2 class=\"elementor-heading-title elementor-size-default\">Noch keinen Account?<\/h2>\t\t<\/div>\n\t\t\t\t<\/div>\n\t\t\t\t<div class=\"elementor-element elementor-element-070d71b elementor-widget__width-auto elementor-widget elementor-widget-heading\" data-id=\"070d71b\" data-element_type=\"widget\" data-widget_type=\"heading.default\">\n\t\t\t\t<div class=\"elementor-widget-container\">\n\t\t\t<h2 class=\"elementor-heading-title elementor-size-default\"><a href=\"https:\/\/chemdive.hollaender-web.com\/wordpress\/index.php\/registrieren\/\">Hier registrieren!<\/a><\/h2>\t\t<\/div>\n\t\t\t\t<\/div>\n\t\t\t\t<div class=\"elementor-element elementor-element-d284d66 elementor-widget elementor-widget-heading\" data-id=\"d284d66\" data-element_type=\"widget\" data-widget_type=\"heading.default\">\n\t\t\t\t<div class=\"elementor-widget-container\">\n\t\t\t<h2 class=\"elementor-heading-title elementor-size-default\"><a href=\"https:\/\/chemdive.hollaender-web.com\/wordpress\/index.php\/passwort-zuruecksetzen\/\">Passwort vergessen?<\/a><\/h2>\t\t<\/div>\n\t\t\t\t<\/div>\n\t\t\t\t\t<\/div>\n\t\t<\/div>\n\t\t\t\t\t\t\t<\/div>\n\t\t<\/section>\n\t\t\t\t\t<\/div>\n\t\t<\/div>\n\t\t\t\t\t\t\t<\/div>\n\t\t<\/section>\n\t\t\t\t<section class=\"elementor-section elementor-top-section elementor-element elementor-element-37dc048 elementor-section-full_width elementor-section-height-min-height hide-from-logged-in elementor-section-height-default elementor-section-items-middle\" data-id=\"37dc048\" data-element_type=\"section\" data-settings=\"{&quot;background_background&quot;:&quot;classic&quot;,&quot;shape_divider_top&quot;:&quot;multi-wave&quot;,&quot;_ha_eqh_enable&quot;:false}\">\n\t\t\t\t\t<div class=\"elementor-shape elementor-shape-top\" data-negative=\"false\">\n\t\t\t<svg xmlns=\"http:\/\/www.w3.org\/2000\/svg\" viewBox=\"0 0 4080 400\" preserveAspectRatio=\"none\">\r\n<path class=\"elementor-shape-fill ha-shape-divider\" opacity=\"0.2\" enable-background=\"new    \" d=\"M4080,79.3V0L1179.4,0v79.3c0,0,694.9,437.4,1471.3,275.6\r\n\tS3575.7-152.5,4080,79.3z\"\/>\r\n<path class=\"elementor-shape-fill ha-shape-divider\" opacity=\"0.2\" enable-background=\"new    \" d=\"M2249,79.3V0L0,0l0,79.3c0,0,43.3,437.4,819.8,275.6S1744.7-152.5,2249,79.3z\"\/>\r\n<path class=\"elementor-shape-fill ha-shape-divider\" opacity=\"0.2\" enable-background=\"new    \" d=\"M2631.6,49.8c0,0-596.3,547.3-1468.8,230.2S0,95.6,0,95.6L0,0l2631.6,0V49.8z\"\/>\r\n<path class=\"elementor-shape-fill ha-shape-divider\" opacity=\"0.2\" enable-background=\"new    \" d=\"M4080,95.6c0,0-428.4,501.5-1208.9,184.4S1831,95.6,1831,95.6V0l2249,0V95.6z\"\/>\r\n<path class=\"elementor-shape-fill ha-shape-divider\" d=\"M4080,0v192.6c-392.4,177-703.2,95.6-1075-34.1c-214.6-74.8-508-126-839.1,6.1c-149.2,59.5-447.2,203.4-1026.2,10.8\r\n\tC313.2-99.5,0,95.6,0,95.6L0,0l2249,0L4080,0z\"\/>\r\n<\/svg>\r\n\t\t<\/div>\n\t\t\t\t\t<div class=\"elementor-container elementor-column-gap-default\">\n\t\t\t\t\t<div class=\"elementor-column elementor-col-100 elementor-top-column elementor-element elementor-element-633f03a\" data-id=\"633f03a\" data-element_type=\"column\">\n\t\t\t<div class=\"elementor-widget-wrap elementor-element-populated\">\n\t\t\t\t\t\t\t\t<div class=\"elementor-element elementor-element-6567c3a elementor-view-default elementor-widget elementor-widget-icon\" data-id=\"6567c3a\" data-element_type=\"widget\" data-widget_type=\"icon.default\">\n\t\t\t\t<div class=\"elementor-widget-container\">\n\t\t\t\t\t<div class=\"elementor-icon-wrapper\">\n\t\t\t<div class=\"elementor-icon\">\n\t\t\t<i aria-hidden=\"true\" class=\"eci  chemdive-zweitespaket-taucher-chemdive\"><\/i>\t\t\t<\/div>\n\t\t<\/div>\n\t\t\t\t<\/div>\n\t\t\t\t<\/div>\n\t\t\t\t<div class=\"elementor-element elementor-element-4eb40f6 elementor-hidden-desktop elementor-hidden-tablet elementor-hidden-mobile elementor-widget elementor-widget-html\" data-id=\"4eb40f6\" data-element_type=\"widget\" data-widget_type=\"html.default\">\n\t\t\t\t<div class=\"elementor-widget-container\">\n\t\t\t<style>\n    .custom-login-form #um-submit-btn.um-button {\n\t    background: #4B85B2;\n\t    margin-top: 15px;\n\t    border-radius: 1.5px;\n\t    font-family: sans-serif;\n\t    font-size: 22px;\n\t    color: #2F2F2F;\n\t    font-weight: 600 !important;\n\t}\n\t\n\t.custom-login-form .um .um-form input[type=text], .custom-login-form .um .um-form input[type=tel], .custom-login-form .um .um-form input[type=password], .custom-login-form .um .um-form textarea {\n\t    border: none !important;\n\t    border-bottom: 2px solid #2c2c2c !important;\n\t    padding: 20px 20px 20px 40px !important;\n\t    transition: 0.5s all;\n\t    color: #2c2c2c !important;\n    }\n    .custom-login-form .um .um-form input[type=text]:focus, .custom-login-form .um .um-form input[type=tel]:focus, .custom-login-form .um .um-form input[type=password]:focus, .custom-login-form .um .um-form textarea:focus {\n\t    border-bottom: 2.5px solid #2F2F2F!important;\n    }\n\n    .custom-login-form .um-field-checkbox:hover i,.custom-login-form .um-field-radio:hover i {\n\t    color: #4B85B2 !important;\n    }\n    \n    .custom-login-form .um-field-checkbox-state i,\n    .custom-login-form .um-field-radio-state i {\n\t    color: #2c2c2c !important;\n    }\n    \n    .custom-login-form .um .um-field-icon i, .select2-container .select2-choice .select2-arrow::before, .select2-search::before, .select2-search-choice-close::before{\n        color: #2F2F2F;\n    }\n    \n    .custom-login-form .um-field-checkbox-option,.custom-login-form .um-field-radio-option {\n        color: #2c2c2c !important;\n\t    font-family: sans-serif;\n\t    font-size: 17px;\n        display: block;\n    }\n<\/style>\t\t<\/div>\n\t\t\t\t<\/div>\n\t\t\t\t\t<\/div>\n\t\t<\/div>\n\t\t\t\t\t\t\t<\/div>\n\t\t<\/section>\n\t\t\t\t\t\t\t<\/div>\n\t\t","protected":false},"excerpt":{"rendered":"<p>Willkommen bei ChemDive Das digitale Planungstool f\u00fcr den Unterricht mit UDL-Spin Anmelden Noch keinen Account? Hier registrieren! Passwort vergessen?<\/p>\n","protected":false},"author":2,"featured_media":0,"parent":0,"menu_order":0,"comment_status":"closed","ping_status":"closed","template":"elementor_canvas","meta":{"footnotes":""},"class_list":["post-1424","page","type-page","status-publish","hentry"],"yoast_head":"<!-- This site is optimized with the Yoast SEO plugin v21.1 - https:\/\/yoast.com\/wordpress\/plugins\/seo\/ -->\n<title>ChemDive digital - Anmelden<\/title>\n<meta name=\"description\" content=\"ChemDive - das digitale Planungstool f\u00fcr Unterricht mit UDL-Spin. Eine Schritt-f\u00fcr-Schritt-Anleitung f\u00fcr barrierefreien (Chemie-)Unterricht.\" \/>\n<meta name=\"robots\" content=\"index, follow, max-snippet:-1, max-image-preview:large, max-video-preview:-1\" \/>\n<link rel=\"canonical\" href=\"https:\/\/chemdive.hollaender-web.com\/wordpress\/login\/\" \/>\n<meta property=\"og:locale\" content=\"de_DE\" \/>\n<meta property=\"og:type\" content=\"article\" \/>\n<meta property=\"og:title\" content=\"ChemDive digital - Anmelden\" \/>\n<meta property=\"og:description\" content=\"ChemDive - das digitale Planungstool f\u00fcr Unterricht mit UDL-Spin. Eine Schritt-f\u00fcr-Schritt-Anleitung f\u00fcr barrierefreien (Chemie-)Unterricht.\" \/>\n<meta property=\"og:url\" content=\"https:\/\/chemdive.hollaender-web.com\/wordpress\/login\/\" \/>\n<meta property=\"og:site_name\" content=\"ChemDive digital\" \/>\n<meta property=\"article:modified_time\" content=\"2025-03-16T09:31:53+00:00\" \/>\n<meta property=\"og:image\" content=\"https:\/\/chemdive.hollaender-web.com\/wordpress\/wp-content\/uploads\/2023\/02\/ChemDive-site-logo.png\" \/>\n\t<meta property=\"og:image:width\" content=\"1200\" \/>\n\t<meta property=\"og:image:height\" content=\"1200\" \/>\n\t<meta property=\"og:image:type\" content=\"image\/png\" \/>\n<meta name=\"twitter:card\" content=\"summary_large_image\" \/>\n<meta name=\"twitter:label1\" content=\"Gesch\u00e4tzte Lesezeit\" \/>\n\t<meta name=\"twitter:data1\" content=\"1 Minute\" \/>\n<script type=\"application\/ld+json\" class=\"yoast-schema-graph\">{\"@context\":\"https:\/\/schema.org\",\"@graph\":[{\"@type\":\"WebPage\",\"@id\":\"https:\/\/chemdive.hollaender-web.com\/wordpress\/login\/\",\"url\":\"https:\/\/chemdive.hollaender-web.com\/wordpress\/login\/\",\"name\":\"ChemDive digital - Anmelden\",\"isPartOf\":{\"@id\":\"https:\/\/chemdive.hollaender-web.com\/wordpress\/#website\"},\"datePublished\":\"2022-10-29T12:38:13+00:00\",\"dateModified\":\"2025-03-16T09:31:53+00:00\",\"description\":\"ChemDive - das digitale Planungstool f\u00fcr Unterricht mit UDL-Spin. Eine Schritt-f\u00fcr-Schritt-Anleitung f\u00fcr barrierefreien (Chemie-)Unterricht.\",\"breadcrumb\":{\"@id\":\"https:\/\/chemdive.hollaender-web.com\/wordpress\/login\/#breadcrumb\"},\"inLanguage\":\"de-DE\",\"potentialAction\":[{\"@type\":\"ReadAction\",\"target\":[\"https:\/\/chemdive.hollaender-web.com\/wordpress\/login\/\"]}]},{\"@type\":\"BreadcrumbList\",\"@id\":\"https:\/\/chemdive.hollaender-web.com\/wordpress\/login\/#breadcrumb\",\"itemListElement\":[{\"@type\":\"ListItem\",\"position\":1,\"name\":\"Startseite\",\"item\":\"https:\/\/chemdive.hollaender-web.com\/wordpress\/\"},{\"@type\":\"ListItem\",\"position\":2,\"name\":\"Anmelden\"}]},{\"@type\":\"WebSite\",\"@id\":\"https:\/\/chemdive.hollaender-web.com\/wordpress\/#website\",\"url\":\"https:\/\/chemdive.hollaender-web.com\/wordpress\/\",\"name\":\"ChemDive\",\"description\":\"Das digitale Planungstool f\u00fcr Unterricht mit UDL-Spin.\",\"publisher\":{\"@id\":\"https:\/\/chemdive.hollaender-web.com\/wordpress\/#organization\"},\"potentialAction\":[{\"@type\":\"SearchAction\",\"target\":{\"@type\":\"EntryPoint\",\"urlTemplate\":\"https:\/\/chemdive.hollaender-web.com\/wordpress\/?s={search_term_string}\"},\"query-input\":\"required name=search_term_string\"}],\"inLanguage\":\"de-DE\"},{\"@type\":\"Organization\",\"@id\":\"https:\/\/chemdive.hollaender-web.com\/wordpress\/#organization\",\"name\":\"ChemDive\",\"url\":\"https:\/\/chemdive.hollaender-web.com\/wordpress\/\",\"logo\":{\"@type\":\"ImageObject\",\"inLanguage\":\"de-DE\",\"@id\":\"https:\/\/chemdive.hollaender-web.com\/wordpress\/#\/schema\/logo\/image\/\",\"url\":\"https:\/\/chemdive.hollaender-web.com\/wordpress\/wp-content\/uploads\/2023\/02\/ChemDive-site-logo.png\",\"contentUrl\":\"https:\/\/chemdive.hollaender-web.com\/wordpress\/wp-content\/uploads\/2023\/02\/ChemDive-site-logo.png\",\"width\":1200,\"height\":1200,\"caption\":\"ChemDive\"},\"image\":{\"@id\":\"https:\/\/chemdive.hollaender-web.com\/wordpress\/#\/schema\/logo\/image\/\"}}]}<\/script>\n<!-- \/ Yoast SEO plugin. -->","yoast_head_json":{"title":"ChemDive digital - Anmelden","description":"ChemDive - das digitale Planungstool f\u00fcr Unterricht mit UDL-Spin. Eine Schritt-f\u00fcr-Schritt-Anleitung f\u00fcr barrierefreien (Chemie-)Unterricht.","robots":{"index":"index","follow":"follow","max-snippet":"max-snippet:-1","max-image-preview":"max-image-preview:large","max-video-preview":"max-video-preview:-1"},"canonical":"https:\/\/chemdive.hollaender-web.com\/wordpress\/login\/","og_locale":"de_DE","og_type":"article","og_title":"ChemDive digital - Anmelden","og_description":"ChemDive - das digitale Planungstool f\u00fcr Unterricht mit UDL-Spin. Eine Schritt-f\u00fcr-Schritt-Anleitung f\u00fcr barrierefreien (Chemie-)Unterricht.","og_url":"https:\/\/chemdive.hollaender-web.com\/wordpress\/login\/","og_site_name":"ChemDive digital","article_modified_time":"2025-03-16T09:31:53+00:00","og_image":[{"width":1200,"height":1200,"url":"https:\/\/chemdive.hollaender-web.com\/wordpress\/wp-content\/uploads\/2023\/02\/ChemDive-site-logo.png","type":"image\/png"}],"twitter_card":"summary_large_image","twitter_misc":{"Gesch\u00e4tzte Lesezeit":"1 Minute"},"schema":{"@context":"https:\/\/schema.org","@graph":[{"@type":"WebPage","@id":"https:\/\/chemdive.hollaender-web.com\/wordpress\/login\/","url":"https:\/\/chemdive.hollaender-web.com\/wordpress\/login\/","name":"ChemDive digital - Anmelden","isPartOf":{"@id":"https:\/\/chemdive.hollaender-web.com\/wordpress\/#website"},"datePublished":"2022-10-29T12:38:13+00:00","dateModified":"2025-03-16T09:31:53+00:00","description":"ChemDive - das digitale Planungstool f\u00fcr Unterricht mit UDL-Spin. Eine Schritt-f\u00fcr-Schritt-Anleitung f\u00fcr barrierefreien (Chemie-)Unterricht.","breadcrumb":{"@id":"https:\/\/chemdive.hollaender-web.com\/wordpress\/login\/#breadcrumb"},"inLanguage":"de-DE","potentialAction":[{"@type":"ReadAction","target":["https:\/\/chemdive.hollaender-web.com\/wordpress\/login\/"]}]},{"@type":"BreadcrumbList","@id":"https:\/\/chemdive.hollaender-web.com\/wordpress\/login\/#breadcrumb","itemListElement":[{"@type":"ListItem","position":1,"name":"Startseite","item":"https:\/\/chemdive.hollaender-web.com\/wordpress\/"},{"@type":"ListItem","position":2,"name":"Anmelden"}]},{"@type":"WebSite","@id":"https:\/\/chemdive.hollaender-web.com\/wordpress\/#website","url":"https:\/\/chemdive.hollaender-web.com\/wordpress\/","name":"ChemDive","description":"Das digitale Planungstool f\u00fcr Unterricht mit UDL-Spin.","publisher":{"@id":"https:\/\/chemdive.hollaender-web.com\/wordpress\/#organization"},"potentialAction":[{"@type":"SearchAction","target":{"@type":"EntryPoint","urlTemplate":"https:\/\/chemdive.hollaender-web.com\/wordpress\/?s={search_term_string}"},"query-input":"required name=search_term_string"}],"inLanguage":"de-DE"},{"@type":"Organization","@id":"https:\/\/chemdive.hollaender-web.com\/wordpress\/#organization","name":"ChemDive","url":"https:\/\/chemdive.hollaender-web.com\/wordpress\/","logo":{"@type":"ImageObject","inLanguage":"de-DE","@id":"https:\/\/chemdive.hollaender-web.com\/wordpress\/#\/schema\/logo\/image\/","url":"https:\/\/chemdive.hollaender-web.com\/wordpress\/wp-content\/uploads\/2023\/02\/ChemDive-site-logo.png","contentUrl":"https:\/\/chemdive.hollaender-web.com\/wordpress\/wp-content\/uploads\/2023\/02\/ChemDive-site-logo.png","width":1200,"height":1200,"caption":"ChemDive"},"image":{"@id":"https:\/\/chemdive.hollaender-web.com\/wordpress\/#\/schema\/logo\/image\/"}}]}},"_links":{"self":[{"href":"https:\/\/chemdive.hollaender-web.com\/wordpress\/wp-json\/wp\/v2\/pages\/1424","targetHints":{"allow":["GET"]}}],"collection":[{"href":"https:\/\/chemdive.hollaender-web.com\/wordpress\/wp-json\/wp\/v2\/pages"}],"about":[{"href":"https:\/\/chemdive.hollaender-web.com\/wordpress\/wp-json\/wp\/v2\/types\/page"}],"author":[{"embeddable":true,"href":"https:\/\/chemdive.hollaender-web.com\/wordpress\/wp-json\/wp\/v2\/users\/2"}],"replies":[{"embeddable":true,"href":"https:\/\/chemdive.hollaender-web.com\/wordpress\/wp-json\/wp\/v2\/comments?post=1424"}],"version-history":[{"count":237,"href":"https:\/\/chemdive.hollaender-web.com\/wordpress\/wp-json\/wp\/v2\/pages\/1424\/revisions"}],"predecessor-version":[{"id":6724,"href":"https:\/\/chemdive.hollaender-web.com\/wordpress\/wp-json\/wp\/v2\/pages\/1424\/revisions\/6724"}],"wp:attachment":[{"href":"https:\/\/chemdive.hollaender-web.com\/wordpress\/wp-json\/wp\/v2\/media?parent=1424"}],"curies":[{"name":"wp","href":"https:\/\/api.w.org\/{rel}","templated":true}]}}