{"id":1429,"date":"2022-10-29T14:38:13","date_gmt":"2022-10-29T12:38:13","guid":{"rendered":"http:\/\/localhost\/password-reset\/"},"modified":"2022-12-29T22:35:53","modified_gmt":"2022-12-29T22:35:53","slug":"passwort-zuruecksetzen","status":"publish","type":"page","link":"https:\/\/chemdive.hollaender-web.com\/wordpress\/passwort-zuruecksetzen\/","title":{"rendered":"Passwort zur\u00fccksetzen"},"content":{"rendered":"\t\t<div data-elementor-type=\"wp-page\" data-elementor-id=\"1429\" class=\"elementor elementor-1429\">\n\t\t\t\t\t\t\t\t\t<section class=\"elementor-section elementor-top-section elementor-element elementor-element-748be0b elementor-section-height-min-height elementor-section-full_width elementor-section-height-default elementor-section-items-middle\" data-id=\"748be0b\" data-element_type=\"section\" data-settings=\"{&quot;background_background&quot;:&quot;classic&quot;,&quot;_ha_eqh_enable&quot;:false}\">\n\t\t\t\t\t\t<div class=\"elementor-container elementor-column-gap-default\">\n\t\t\t\t\t<div class=\"elementor-column elementor-col-50 elementor-top-column elementor-element elementor-element-d980b42\" data-id=\"d980b42\" data-element_type=\"column\">\n\t\t\t<div class=\"elementor-widget-wrap elementor-element-populated\">\n\t\t\t\t\t\t\t\t<div class=\"elementor-element elementor-element-37d94a3 elementor-widget elementor-widget-heading\" data-id=\"37d94a3\" data-element_type=\"widget\" data-widget_type=\"heading.default\">\n\t\t\t\t<div class=\"elementor-widget-container\">\n\t\t\t<style>\/*! elementor - v3.15.0 - 20-08-2023 *\/\n.elementor-heading-title{padding:0;margin:0;line-height:1}.elementor-widget-heading .elementor-heading-title[class*=elementor-size-]>a{color:inherit;font-size:inherit;line-height:inherit}.elementor-widget-heading .elementor-heading-title.elementor-size-small{font-size:15px}.elementor-widget-heading .elementor-heading-title.elementor-size-medium{font-size:19px}.elementor-widget-heading .elementor-heading-title.elementor-size-large{font-size:29px}.elementor-widget-heading .elementor-heading-title.elementor-size-xl{font-size:39px}.elementor-widget-heading .elementor-heading-title.elementor-size-xxl{font-size:59px}<\/style><h2 class=\"elementor-heading-title elementor-size-default\">Willkommen bei ChemDive<\/h2>\t\t<\/div>\n\t\t\t\t<\/div>\n\t\t\t\t<div class=\"elementor-element elementor-element-37cada9 elementor-widget elementor-widget-heading\" data-id=\"37cada9\" data-element_type=\"widget\" data-widget_type=\"heading.default\">\n\t\t\t\t<div class=\"elementor-widget-container\">\n\t\t\t<h2 class=\"elementor-heading-title elementor-size-default\">Das digitale Planungstool f\u00fcr den Unterricht mit UDL-Spin<\/h2>\t\t<\/div>\n\t\t\t\t<\/div>\n\t\t\t\t\t<\/div>\n\t\t<\/div>\n\t\t\t\t<div class=\"elementor-column elementor-col-50 elementor-top-column elementor-element elementor-element-e1d6921\" data-id=\"e1d6921\" data-element_type=\"column\" data-settings=\"{&quot;background_background&quot;:&quot;classic&quot;}\">\n\t\t\t<div class=\"elementor-widget-wrap elementor-element-populated\">\n\t\t\t\t\t\t\t\t<section class=\"elementor-section elementor-inner-section elementor-element elementor-element-5c42785 elementor-section-boxed elementor-section-height-default elementor-section-height-default\" data-id=\"5c42785\" data-element_type=\"section\" data-settings=\"{&quot;background_background&quot;:&quot;classic&quot;,&quot;_ha_eqh_enable&quot;:false}\">\n\t\t\t\t\t\t<div class=\"elementor-container elementor-column-gap-default\">\n\t\t\t\t\t<div class=\"elementor-column elementor-col-100 elementor-inner-column elementor-element elementor-element-77bee84\" data-id=\"77bee84\" data-element_type=\"column\" data-settings=\"{&quot;background_background&quot;:&quot;classic&quot;}\">\n\t\t\t<div class=\"elementor-widget-wrap elementor-element-populated\">\n\t\t\t\t\t\t\t\t<div class=\"elementor-element elementor-element-009fc4a elementor-widget elementor-widget-heading\" data-id=\"009fc4a\" data-element_type=\"widget\" data-widget_type=\"heading.default\">\n\t\t\t\t<div class=\"elementor-widget-container\">\n\t\t\t<h2 class=\"elementor-heading-title elementor-size-default\">Passwort zur\u00fccksetzen<\/h2>\t\t<\/div>\n\t\t\t\t<\/div>\n\t\t\t\t<div class=\"elementor-element elementor-element-75d8364 custom-reset-password elementor-widget elementor-widget-shortcode\" data-id=\"75d8364\" data-element_type=\"widget\" data-widget_type=\"shortcode.default\">\n\t\t\t\t<div class=\"elementor-widget-container\">\n\t\t\t\t\t<div class=\"elementor-shortcode\">\n<div class=\"um um-password um-um_password_id\">\n\t<div class=\"um-form\">\n\t\t<form method=\"post\" action=\"\">\n\t\t\t\n\t\t\t\t<input type=\"hidden\" name=\"_um_password_reset\" id=\"_um_password_reset\" value=\"1\" \/>\n\n\t\t\t\t\t\t\t\t\t<div class=\"um-field um-field-block um-field-type_block\">\n\t\t\t\t\t\t<div class=\"um-field-block\">\n\t\t\t\t\t\t\t<div style=\"text-align:center;\">\n\t\t\t\t\t\t\t\tUm dein Passwort zur\u00fcckzusetzen, gib bitte unten deine E-Mail-Adresse oder deinen Benutzernamen ein.\t\t\t\t\t\t\t<\/div>\n\t\t\t\t\t\t<\/div>\n\t\t\t\t\t<\/div>\n\t\t\t\t<div  id=\"um_field_0_username_b\" class=\"um-field um-field-text  um-field-username_b um-field-text um-field-type_text\" data-key=\"username_b\"><div class=\"um-field-area\"><input  autocomplete=\"off\" class=\"um-form-field valid \" type=\"text\" name=\"username_b\" id=\"username_b\" value=\"\" placeholder=\"Enter your username or email\" data-validate=\"\" data-key=\"username_b\" \/>\n\n\t\t\t\t\t\t<\/div><\/div>\n\t\t\t\t<div class=\"um-col-alt um-col-alt-b\">\n\n\t\t\t\t\t<div class=\"um-center\">\n\t\t\t\t\t\t<input type=\"submit\" value=\"Passwort zur\u00fccksetzen\" class=\"um-button\" id=\"um-submit-btn\" \/>\n\t\t\t\t\t<\/div>\n\n\t\t\t\t\t<div class=\"um-clear\"><\/div>\n\n\t\t\t\t<\/div>\n\n\t\t\t\t\t\t<input type=\"hidden\" name=\"form_id\" id=\"form_id_um_password_id\" value=\"um_password_id\" \/>\n\t\n\t<p class=\"um_request_name\">\n\t\t<label for=\"um_request_um_password_id\">Only fill in if you are not human<\/label>\n\t\t<input type=\"hidden\" name=\"um_request\" id=\"um_request_um_password_id\" class=\"input\" value=\"\" size=\"25\" autocomplete=\"off\" \/>\n\t<\/p>\n\n\t\t\t<\/form>\n\t<\/div>\n<\/div>\n<style>\n\t\t\t.um-um_password_id.um {\n\t\t\tmax-width: 450px;\n\t\t}\n\t\t<\/style>\n<\/div>\n\t\t\t\t<\/div>\n\t\t\t\t<\/div>\n\t\t\t\t\t<\/div>\n\t\t<\/div>\n\t\t\t\t\t\t\t<\/div>\n\t\t<\/section>\n\t\t\t\t<section class=\"elementor-section elementor-inner-section elementor-element elementor-element-4bd9104 elementor-section-boxed elementor-section-height-default elementor-section-height-default\" data-id=\"4bd9104\" data-element_type=\"section\" data-settings=\"{&quot;background_background&quot;:&quot;classic&quot;,&quot;_ha_eqh_enable&quot;:false}\">\n\t\t\t\t\t\t<div class=\"elementor-container elementor-column-gap-default\">\n\t\t\t\t\t<div class=\"elementor-column elementor-col-100 elementor-inner-column elementor-element elementor-element-136fb64\" data-id=\"136fb64\" data-element_type=\"column\" data-settings=\"{&quot;background_background&quot;:&quot;classic&quot;}\">\n\t\t\t<div class=\"elementor-widget-wrap elementor-element-populated\">\n\t\t\t\t\t\t\t\t<div class=\"elementor-element elementor-element-45db52f elementor-widget__width-auto elementor-widget elementor-widget-heading\" data-id=\"45db52f\" data-element_type=\"widget\" data-widget_type=\"heading.default\">\n\t\t\t\t<div class=\"elementor-widget-container\">\n\t\t\t<h2 class=\"elementor-heading-title elementor-size-default\">Zur\u00fcck zur<\/h2>\t\t<\/div>\n\t\t\t\t<\/div>\n\t\t\t\t<div class=\"elementor-element elementor-element-91c8393 elementor-widget__width-auto elementor-widget elementor-widget-heading\" data-id=\"91c8393\" data-element_type=\"widget\" data-widget_type=\"heading.default\">\n\t\t\t\t<div class=\"elementor-widget-container\">\n\t\t\t<h2 class=\"elementor-heading-title elementor-size-default\"><a href=\"https:\/\/chemdive.hollaender-web.com\/wordpress\/index.php\/login\/\">Anmeldung<\/a><\/h2>\t\t<\/div>\n\t\t\t\t<\/div>\n\t\t\t\t\t<\/div>\n\t\t<\/div>\n\t\t\t\t\t\t\t<\/div>\n\t\t<\/section>\n\t\t\t\t\t<\/div>\n\t\t<\/div>\n\t\t\t\t\t\t\t<\/div>\n\t\t<\/section>\n\t\t\t\t<section class=\"elementor-section elementor-top-section elementor-element elementor-element-71442f5 elementor-section-full_width elementor-section-height-min-height hide-from-logged-in elementor-section-height-default elementor-section-items-middle\" data-id=\"71442f5\" data-element_type=\"section\" data-settings=\"{&quot;background_background&quot;:&quot;classic&quot;,&quot;shape_divider_top&quot;:&quot;multi-wave&quot;,&quot;_ha_eqh_enable&quot;:false}\">\n\t\t\t\t\t<div class=\"elementor-shape elementor-shape-top\" data-negative=\"false\">\n\t\t\t<svg xmlns=\"http:\/\/www.w3.org\/2000\/svg\" viewBox=\"0 0 4080 400\" preserveAspectRatio=\"none\">\r\n<path class=\"elementor-shape-fill ha-shape-divider\" opacity=\"0.2\" enable-background=\"new    \" d=\"M4080,79.3V0L1179.4,0v79.3c0,0,694.9,437.4,1471.3,275.6\r\n\tS3575.7-152.5,4080,79.3z\"\/>\r\n<path class=\"elementor-shape-fill ha-shape-divider\" opacity=\"0.2\" enable-background=\"new    \" d=\"M2249,79.3V0L0,0l0,79.3c0,0,43.3,437.4,819.8,275.6S1744.7-152.5,2249,79.3z\"\/>\r\n<path class=\"elementor-shape-fill ha-shape-divider\" opacity=\"0.2\" enable-background=\"new    \" d=\"M2631.6,49.8c0,0-596.3,547.3-1468.8,230.2S0,95.6,0,95.6L0,0l2631.6,0V49.8z\"\/>\r\n<path class=\"elementor-shape-fill ha-shape-divider\" opacity=\"0.2\" enable-background=\"new    \" d=\"M4080,95.6c0,0-428.4,501.5-1208.9,184.4S1831,95.6,1831,95.6V0l2249,0V95.6z\"\/>\r\n<path class=\"elementor-shape-fill ha-shape-divider\" d=\"M4080,0v192.6c-392.4,177-703.2,95.6-1075-34.1c-214.6-74.8-508-126-839.1,6.1c-149.2,59.5-447.2,203.4-1026.2,10.8\r\n\tC313.2-99.5,0,95.6,0,95.6L0,0l2249,0L4080,0z\"\/>\r\n<\/svg>\r\n\t\t<\/div>\n\t\t\t\t\t<div class=\"elementor-container elementor-column-gap-default\">\n\t\t\t\t\t<div class=\"elementor-column elementor-col-100 elementor-top-column elementor-element elementor-element-6697f0c\" data-id=\"6697f0c\" data-element_type=\"column\">\n\t\t\t<div class=\"elementor-widget-wrap elementor-element-populated\">\n\t\t\t\t\t\t\t\t<div class=\"elementor-element elementor-element-82326f0 elementor-view-default elementor-widget elementor-widget-icon\" data-id=\"82326f0\" data-element_type=\"widget\" data-widget_type=\"icon.default\">\n\t\t\t\t<div class=\"elementor-widget-container\">\n\t\t\t\t\t<div class=\"elementor-icon-wrapper\">\n\t\t\t<div class=\"elementor-icon\">\n\t\t\t<i aria-hidden=\"true\" class=\"eci  chemdive-zweitespaket-taucher-chemdive\"><\/i>\t\t\t<\/div>\n\t\t<\/div>\n\t\t\t\t<\/div>\n\t\t\t\t<\/div>\n\t\t\t\t<div class=\"elementor-element elementor-element-c050af3 elementor-hidden-desktop elementor-hidden-tablet elementor-hidden-mobile elementor-widget elementor-widget-html\" data-id=\"c050af3\" data-element_type=\"widget\" data-widget_type=\"html.default\">\n\t\t\t\t<div class=\"elementor-widget-container\">\n\t\t\t<style>\n    .custom-reset-password #um-submit-btn.um-button {\n\t    background: #4B85B2;\n\t    margin-top: 15px;\n\t    border-radius: 1.5px;\n\t    font-family: sans-serif;\n\t    font-size: 22px;\n\t    color: #2F2F2F;\n\t    font-weight: 600 !important;\n\t}\n\t\n\t.custom-reset-password .um-field-block {\n\t\tcolor: #FFFFFF !important;\n\t\tfont-family: sans-serif;\n\t\tfont-size:18px;\n        display: block;\n    }\n    \n    .custom-reset-password .um .um-form input[type=\"text\"], .wpac-custom-reset-password .um .um-form input[type=\"search\"], .custom-reset-password .um .um-form input[type=\"tel\"], .custom-reset-password .um .um-form input[type=\"password\"], .custom-reset-password .um .um-form textarea {\n        color: #2F2F2F !important;\n    }\n\t\n\t.custom-reset-password .um .um-form input[type=\"text\"], .um .um-form input[type=\"search\"], .um .um-form input[type=\"tel\"], .um .um-form input[type=\"number\"], .um .um-form input[type=\"password\"], .um .um-form textarea, .um .upload-progress, .select2-container .select2-choice, .select2-drop, .select2-container-multi .select2-choices, .select2-drop-active, .select2-drop.select2-drop-above{\n\t    border: 2px solid #2F2F2F !important\n\t}\n\t\n<\/style>\t\t<\/div>\n\t\t\t\t<\/div>\n\t\t\t\t\t<\/div>\n\t\t<\/div>\n\t\t\t\t\t\t\t<\/div>\n\t\t<\/section>\n\t\t\t\t\t\t\t<\/div>\n\t\t","protected":false},"excerpt":{"rendered":"<p>Willkommen bei ChemDive Das digitale Planungstool f\u00fcr den Unterricht mit UDL-Spin Passwort zur\u00fccksetzen Zur\u00fcck zur Anmeldung<\/p>\n","protected":false},"author":2,"featured_media":0,"parent":0,"menu_order":0,"comment_status":"closed","ping_status":"closed","template":"elementor_canvas","meta":{"footnotes":""},"class_list":["post-1429","page","type-page","status-publish","hentry"],"yoast_head":"<!-- This site is optimized with the Yoast SEO plugin v21.1 - https:\/\/yoast.com\/wordpress\/plugins\/seo\/ -->\n<title>ChemDive digital - Passwort zur\u00fccksetzen<\/title>\n<meta name=\"description\" content=\"ChemDive - das digitale Planungstool f\u00fcr Unterricht mit UDL-Spin. Eine Schritt-f\u00fcr-Schritt-Anleitung f\u00fcr barrierefreien (Chemie-)Unterricht.\" \/>\n<meta name=\"robots\" content=\"index, follow, max-snippet:-1, max-image-preview:large, max-video-preview:-1\" \/>\n<link rel=\"canonical\" href=\"https:\/\/chemdive.hollaender-web.com\/wordpress\/passwort-zuruecksetzen\/\" \/>\n<meta property=\"og:locale\" content=\"de_DE\" \/>\n<meta property=\"og:type\" content=\"article\" \/>\n<meta property=\"og:title\" content=\"ChemDive digital - Passwort zur\u00fccksetzen\" \/>\n<meta property=\"og:description\" content=\"ChemDive - das digitale Planungstool f\u00fcr Unterricht mit UDL-Spin. Eine Schritt-f\u00fcr-Schritt-Anleitung f\u00fcr barrierefreien (Chemie-)Unterricht.\" \/>\n<meta property=\"og:url\" content=\"https:\/\/chemdive.hollaender-web.com\/wordpress\/passwort-zuruecksetzen\/\" \/>\n<meta property=\"og:site_name\" content=\"ChemDive digital\" \/>\n<meta property=\"article:modified_time\" content=\"2022-12-29T22:35:53+00:00\" \/>\n<meta property=\"og:image\" content=\"https:\/\/chemdive.hollaender-web.com\/wordpress\/wp-content\/uploads\/2023\/02\/ChemDive-site-logo.png\" \/>\n\t<meta property=\"og:image:width\" content=\"1200\" \/>\n\t<meta property=\"og:image:height\" content=\"1200\" \/>\n\t<meta property=\"og:image:type\" content=\"image\/png\" \/>\n<meta name=\"twitter:card\" content=\"summary_large_image\" \/>\n<meta name=\"twitter:label1\" content=\"Gesch\u00e4tzte Lesezeit\" \/>\n\t<meta name=\"twitter:data1\" content=\"1 Minute\" \/>\n<script type=\"application\/ld+json\" class=\"yoast-schema-graph\">{\"@context\":\"https:\/\/schema.org\",\"@graph\":[{\"@type\":\"WebPage\",\"@id\":\"https:\/\/chemdive.hollaender-web.com\/wordpress\/passwort-zuruecksetzen\/\",\"url\":\"https:\/\/chemdive.hollaender-web.com\/wordpress\/passwort-zuruecksetzen\/\",\"name\":\"ChemDive digital - Passwort zur\u00fccksetzen\",\"isPartOf\":{\"@id\":\"https:\/\/chemdive.hollaender-web.com\/wordpress\/#website\"},\"datePublished\":\"2022-10-29T12:38:13+00:00\",\"dateModified\":\"2022-12-29T22:35:53+00:00\",\"description\":\"ChemDive - das digitale Planungstool f\u00fcr Unterricht mit UDL-Spin. Eine Schritt-f\u00fcr-Schritt-Anleitung f\u00fcr barrierefreien (Chemie-)Unterricht.\",\"breadcrumb\":{\"@id\":\"https:\/\/chemdive.hollaender-web.com\/wordpress\/passwort-zuruecksetzen\/#breadcrumb\"},\"inLanguage\":\"de-DE\",\"potentialAction\":[{\"@type\":\"ReadAction\",\"target\":[\"https:\/\/chemdive.hollaender-web.com\/wordpress\/passwort-zuruecksetzen\/\"]}]},{\"@type\":\"BreadcrumbList\",\"@id\":\"https:\/\/chemdive.hollaender-web.com\/wordpress\/passwort-zuruecksetzen\/#breadcrumb\",\"itemListElement\":[{\"@type\":\"ListItem\",\"position\":1,\"name\":\"Startseite\",\"item\":\"https:\/\/chemdive.hollaender-web.com\/wordpress\/\"},{\"@type\":\"ListItem\",\"position\":2,\"name\":\"Passwort zur\u00fccksetzen\"}]},{\"@type\":\"WebSite\",\"@id\":\"https:\/\/chemdive.hollaender-web.com\/wordpress\/#website\",\"url\":\"https:\/\/chemdive.hollaender-web.com\/wordpress\/\",\"name\":\"ChemDive\",\"description\":\"Das digitale Planungstool f\u00fcr Unterricht mit UDL-Spin.\",\"publisher\":{\"@id\":\"https:\/\/chemdive.hollaender-web.com\/wordpress\/#organization\"},\"potentialAction\":[{\"@type\":\"SearchAction\",\"target\":{\"@type\":\"EntryPoint\",\"urlTemplate\":\"https:\/\/chemdive.hollaender-web.com\/wordpress\/?s={search_term_string}\"},\"query-input\":\"required name=search_term_string\"}],\"inLanguage\":\"de-DE\"},{\"@type\":\"Organization\",\"@id\":\"https:\/\/chemdive.hollaender-web.com\/wordpress\/#organization\",\"name\":\"ChemDive\",\"url\":\"https:\/\/chemdive.hollaender-web.com\/wordpress\/\",\"logo\":{\"@type\":\"ImageObject\",\"inLanguage\":\"de-DE\",\"@id\":\"https:\/\/chemdive.hollaender-web.com\/wordpress\/#\/schema\/logo\/image\/\",\"url\":\"https:\/\/chemdive.hollaender-web.com\/wordpress\/wp-content\/uploads\/2023\/02\/ChemDive-site-logo.png\",\"contentUrl\":\"https:\/\/chemdive.hollaender-web.com\/wordpress\/wp-content\/uploads\/2023\/02\/ChemDive-site-logo.png\",\"width\":1200,\"height\":1200,\"caption\":\"ChemDive\"},\"image\":{\"@id\":\"https:\/\/chemdive.hollaender-web.com\/wordpress\/#\/schema\/logo\/image\/\"}}]}<\/script>\n<!-- \/ Yoast SEO plugin. -->","yoast_head_json":{"title":"ChemDive digital - Passwort zur\u00fccksetzen","description":"ChemDive - das digitale Planungstool f\u00fcr Unterricht mit UDL-Spin. Eine Schritt-f\u00fcr-Schritt-Anleitung f\u00fcr barrierefreien (Chemie-)Unterricht.","robots":{"index":"index","follow":"follow","max-snippet":"max-snippet:-1","max-image-preview":"max-image-preview:large","max-video-preview":"max-video-preview:-1"},"canonical":"https:\/\/chemdive.hollaender-web.com\/wordpress\/passwort-zuruecksetzen\/","og_locale":"de_DE","og_type":"article","og_title":"ChemDive digital - Passwort zur\u00fccksetzen","og_description":"ChemDive - das digitale Planungstool f\u00fcr Unterricht mit UDL-Spin. Eine Schritt-f\u00fcr-Schritt-Anleitung f\u00fcr barrierefreien (Chemie-)Unterricht.","og_url":"https:\/\/chemdive.hollaender-web.com\/wordpress\/passwort-zuruecksetzen\/","og_site_name":"ChemDive digital","article_modified_time":"2022-12-29T22:35:53+00:00","og_image":[{"width":1200,"height":1200,"url":"https:\/\/chemdive.hollaender-web.com\/wordpress\/wp-content\/uploads\/2023\/02\/ChemDive-site-logo.png","type":"image\/png"}],"twitter_card":"summary_large_image","twitter_misc":{"Gesch\u00e4tzte Lesezeit":"1 Minute"},"schema":{"@context":"https:\/\/schema.org","@graph":[{"@type":"WebPage","@id":"https:\/\/chemdive.hollaender-web.com\/wordpress\/passwort-zuruecksetzen\/","url":"https:\/\/chemdive.hollaender-web.com\/wordpress\/passwort-zuruecksetzen\/","name":"ChemDive digital - Passwort zur\u00fccksetzen","isPartOf":{"@id":"https:\/\/chemdive.hollaender-web.com\/wordpress\/#website"},"datePublished":"2022-10-29T12:38:13+00:00","dateModified":"2022-12-29T22:35:53+00:00","description":"ChemDive - das digitale Planungstool f\u00fcr Unterricht mit UDL-Spin. Eine Schritt-f\u00fcr-Schritt-Anleitung f\u00fcr barrierefreien (Chemie-)Unterricht.","breadcrumb":{"@id":"https:\/\/chemdive.hollaender-web.com\/wordpress\/passwort-zuruecksetzen\/#breadcrumb"},"inLanguage":"de-DE","potentialAction":[{"@type":"ReadAction","target":["https:\/\/chemdive.hollaender-web.com\/wordpress\/passwort-zuruecksetzen\/"]}]},{"@type":"BreadcrumbList","@id":"https:\/\/chemdive.hollaender-web.com\/wordpress\/passwort-zuruecksetzen\/#breadcrumb","itemListElement":[{"@type":"ListItem","position":1,"name":"Startseite","item":"https:\/\/chemdive.hollaender-web.com\/wordpress\/"},{"@type":"ListItem","position":2,"name":"Passwort zur\u00fccksetzen"}]},{"@type":"WebSite","@id":"https:\/\/chemdive.hollaender-web.com\/wordpress\/#website","url":"https:\/\/chemdive.hollaender-web.com\/wordpress\/","name":"ChemDive","description":"Das digitale Planungstool f\u00fcr Unterricht mit UDL-Spin.","publisher":{"@id":"https:\/\/chemdive.hollaender-web.com\/wordpress\/#organization"},"potentialAction":[{"@type":"SearchAction","target":{"@type":"EntryPoint","urlTemplate":"https:\/\/chemdive.hollaender-web.com\/wordpress\/?s={search_term_string}"},"query-input":"required name=search_term_string"}],"inLanguage":"de-DE"},{"@type":"Organization","@id":"https:\/\/chemdive.hollaender-web.com\/wordpress\/#organization","name":"ChemDive","url":"https:\/\/chemdive.hollaender-web.com\/wordpress\/","logo":{"@type":"ImageObject","inLanguage":"de-DE","@id":"https:\/\/chemdive.hollaender-web.com\/wordpress\/#\/schema\/logo\/image\/","url":"https:\/\/chemdive.hollaender-web.com\/wordpress\/wp-content\/uploads\/2023\/02\/ChemDive-site-logo.png","contentUrl":"https:\/\/chemdive.hollaender-web.com\/wordpress\/wp-content\/uploads\/2023\/02\/ChemDive-site-logo.png","width":1200,"height":1200,"caption":"ChemDive"},"image":{"@id":"https:\/\/chemdive.hollaender-web.com\/wordpress\/#\/schema\/logo\/image\/"}}]}},"_links":{"self":[{"href":"https:\/\/chemdive.hollaender-web.com\/wordpress\/wp-json\/wp\/v2\/pages\/1429","targetHints":{"allow":["GET"]}}],"collection":[{"href":"https:\/\/chemdive.hollaender-web.com\/wordpress\/wp-json\/wp\/v2\/pages"}],"about":[{"href":"https:\/\/chemdive.hollaender-web.com\/wordpress\/wp-json\/wp\/v2\/types\/page"}],"author":[{"embeddable":true,"href":"https:\/\/chemdive.hollaender-web.com\/wordpress\/wp-json\/wp\/v2\/users\/2"}],"replies":[{"embeddable":true,"href":"https:\/\/chemdive.hollaender-web.com\/wordpress\/wp-json\/wp\/v2\/comments?post=1429"}],"version-history":[{"count":36,"href":"https:\/\/chemdive.hollaender-web.com\/wordpress\/wp-json\/wp\/v2\/pages\/1429\/revisions"}],"predecessor-version":[{"id":5020,"href":"https:\/\/chemdive.hollaender-web.com\/wordpress\/wp-json\/wp\/v2\/pages\/1429\/revisions\/5020"}],"wp:attachment":[{"href":"https:\/\/chemdive.hollaender-web.com\/wordpress\/wp-json\/wp\/v2\/media?parent=1429"}],"curies":[{"name":"wp","href":"https:\/\/api.w.org\/{rel}","templated":true}]}}