{"id":3887,"date":"2022-12-18T12:06:35","date_gmt":"2022-12-18T12:06:35","guid":{"rendered":"https:\/\/chemdive.hollaender-web.com\/wordpress\/?page_id=3887"},"modified":"2023-12-27T13:17:07","modified_gmt":"2023-12-27T13:17:07","slug":"datenschutzerklaerung","status":"publish","type":"page","link":"https:\/\/chemdive.hollaender-web.com\/wordpress\/datenschutzerklaerung\/","title":{"rendered":"Datenschutzerkl\u00e4rung"},"content":{"rendered":"\t\t<div data-elementor-type=\"wp-page\" data-elementor-id=\"3887\" class=\"elementor elementor-3887\">\n\t\t\t\t\t\t\t\t\t<section class=\"elementor-section elementor-top-section elementor-element elementor-element-533fc5f elementor-section-full_width elementor-section-height-min-height elementor-section-height-default elementor-section-items-middle\" data-id=\"533fc5f\" data-element_type=\"section\" data-settings=\"{&quot;background_background&quot;:&quot;classic&quot;,&quot;_ha_eqh_enable&quot;:false}\">\n\t\t\t\t\t\t<div class=\"elementor-container elementor-column-gap-default\">\n\t\t\t\t\t<div class=\"elementor-column elementor-col-100 elementor-top-column elementor-element elementor-element-c5f179b icon-wrapper\" data-id=\"c5f179b\" data-element_type=\"column\">\n\t\t\t<div class=\"elementor-widget-wrap elementor-element-populated\">\n\t\t\t\t\t\t\t\t<div class=\"elementor-element elementor-element-404e59e elementor-widget__width-auto elementor-widget-mobile__width-auto elementor-view-default elementor-widget elementor-widget-icon\" data-id=\"404e59e\" data-element_type=\"widget\" data-widget_type=\"icon.default\">\n\t\t\t\t<div class=\"elementor-widget-container\">\n\t\t\t\t\t<div class=\"elementor-icon-wrapper\">\n\t\t\t<div class=\"elementor-icon\">\n\t\t\t<i aria-hidden=\"true\" class=\"eci  chemdive-zweitespaket-datenschutz\"><\/i>\t\t\t<\/div>\n\t\t<\/div>\n\t\t\t\t<\/div>\n\t\t\t\t<\/div>\n\t\t\t\t<div class=\"elementor-element elementor-element-fe9ad89 elementor-widget__width-initial elementor-widget-mobile__width-inherit elementor-widget elementor-widget-heading\" data-id=\"fe9ad89\" data-element_type=\"widget\" data-widget_type=\"heading.default\">\n\t\t\t\t<div class=\"elementor-widget-container\">\n\t\t\t<style>\/*! elementor - v3.15.0 - 20-08-2023 *\/\n.elementor-heading-title{padding:0;margin:0;line-height:1}.elementor-widget-heading .elementor-heading-title[class*=elementor-size-]>a{color:inherit;font-size:inherit;line-height:inherit}.elementor-widget-heading .elementor-heading-title.elementor-size-small{font-size:15px}.elementor-widget-heading .elementor-heading-title.elementor-size-medium{font-size:19px}.elementor-widget-heading .elementor-heading-title.elementor-size-large{font-size:29px}.elementor-widget-heading .elementor-heading-title.elementor-size-xl{font-size:39px}.elementor-widget-heading .elementor-heading-title.elementor-size-xxl{font-size:59px}<\/style><h2 class=\"elementor-heading-title elementor-size-default\">Datenschutzerkl\u00e4rung<\/h2>\t\t<\/div>\n\t\t\t\t<\/div>\n\t\t\t\t\t<\/div>\n\t\t<\/div>\n\t\t\t\t\t\t\t<\/div>\n\t\t<\/section>\n\t\t\t\t<section class=\"elementor-section elementor-top-section elementor-element elementor-element-9cfebf2 elementor-section-boxed elementor-section-height-default elementor-section-height-default\" data-id=\"9cfebf2\" data-element_type=\"section\" data-settings=\"{&quot;_ha_eqh_enable&quot;:false}\">\n\t\t\t\t\t\t<div class=\"elementor-container elementor-column-gap-default\">\n\t\t\t\t\t<div class=\"elementor-column elementor-col-100 elementor-top-column elementor-element elementor-element-44048db\" data-id=\"44048db\" data-element_type=\"column\" data-settings=\"{&quot;background_background&quot;:&quot;classic&quot;}\">\n\t\t\t<div class=\"elementor-widget-wrap elementor-element-populated\">\n\t\t\t\t\t\t\t\t<div class=\"elementor-element elementor-element-8a56f88 elementor-widget elementor-widget-text-editor\" data-id=\"8a56f88\" data-element_type=\"widget\" data-widget_type=\"text-editor.default\">\n\t\t\t\t<div class=\"elementor-widget-container\">\n\t\t\t<style>\/*! elementor - v3.15.0 - 20-08-2023 *\/\n.elementor-widget-text-editor.elementor-drop-cap-view-stacked .elementor-drop-cap{background-color:#69727d;color:#fff}.elementor-widget-text-editor.elementor-drop-cap-view-framed .elementor-drop-cap{color:#69727d;border:3px solid;background-color:transparent}.elementor-widget-text-editor:not(.elementor-drop-cap-view-default) .elementor-drop-cap{margin-top:8px}.elementor-widget-text-editor:not(.elementor-drop-cap-view-default) .elementor-drop-cap-letter{width:1em;height:1em}.elementor-widget-text-editor .elementor-drop-cap{float:left;text-align:center;line-height:1;font-size:50px}.elementor-widget-text-editor .elementor-drop-cap-letter{display:inline-block}<\/style>\t\t\t\t<p><strong>Allgemeine Vorbereitungen<\/strong><br \/>Wir nehmen den Schutz von personenbezogenen Daten sehr ernst. Wir ver\u00adar\u00adbei\u00adten personenbezogene Daten, die beim Besuch unserer Web\u00adseiten erhoben wer\u00adden, unter Beachtung der geltenden daten\u00adschutz\u00adrecht\u00adlichen Bestimmungen. Es gelten ins\u00adbe\u00adson\u00adde\u00adre das Datenschutzgesetz NRW (DSG NRW), die Datenschutzgrundverordnung (DSGVO) und das Telemediengesetz.<br \/>Alle Daten werden anonymisiert und vertraulich behandelt. Die Verwendung der Website setzt anonymisierte Accounts voraus, sodass die Nutzer nicht identifiziert werden k\u00f6nnen. Es erfolgt keine Weitergabe von Daten an Dritte und Externe. <\/p><p><strong>Umfang der Verarbeitung personenbezogener Daten<\/strong><br \/>Wir\u00a0ver\u00adar\u00adbei\u00adten\u00a0personenbezogene Daten\u00a0zur\u00a0Be\u00adreit\u00adstel\u00adlung\u00a0einer funktionsf\u00e4higen Website. Die Verarbeitung von Daten unserer Nutzer erfolgt regelm\u00e4\u00dfig nur nach Einwilligung des Nutzers. Eine Ausnahme gilt in solchen F\u00e4llen, in denen eine vorherige Einholung einer Einwilligung aus tats\u00e4chlichen Gr\u00fcnden nicht\u00a0m\u00f6g\u00adlich\u00a0ist und die Verarbeitung der Daten durch gesetzliche Vorschriften gestattet ist.<\/p><p><strong>Datenl\u00f6schung und Speicherdauer<\/strong><br \/>Die personenbezogenen Daten der betroffenen Person\u00a0wer\u00adden\u00a0gel\u00f6scht oder gesperrt, sobald der Zweck der Speicherung entf\u00e4llt. Eine Speicherung kann\u00a0da\u00adr\u00fc\u00adber\u00a0hinaus\u00a0er\u00adfol\u00adgen, wenn dies durch den\u00a0eu\u00adro\u00adp\u00e4\u00adisch\u00aden\u00a0oder nationalen Gesetzgeber in unionsrechtlichen Verordnungen, Gesetzen oder\u00a0sons\u00adti\u00adgen\u00a0Vorschriften, denen der\u00a0Ver\u00adant\u00adwort\u00adli\u00adche\u00a0unterliegt,\u00a0vor\u00adge\u00adsehen\u00a0wurde. Eine Sperrung oder L\u00f6schung der Daten erfolgt auch dann, wenn eine durch die genannten Normen vorgeschriebene Speicherfrist abl\u00e4uft, es sei denn, dass eine Erforderlichkeit zur\u00a0wei\u00adte\u00adren\u00a0Speicherung der Daten f\u00fcr einen Vertragsabschluss oder eine Vertragserf\u00fcllung besteht.<\/p><p><strong>Bereitstellung der Website und Erstellung von Logfiles<\/strong><br \/><strong>1. Beschreibung und Umfang der Datenverarbeitung<\/strong><br \/>Die personenbezogenen Daten der betroffenen Person wer\u00adden gel\u00f6scht oder gesperrt, sobald der Zweck der Speicherung entf\u00e4llt. Eine Speicherung kann da\u00adr\u00fc\u00adber hinaus er\u00adfol\u00adgen, wenn dies durch den eu\u00adro\u00adp\u00e4\u00adisch\u00aden oder nationalen Gesetzgeber in unionsrechtlichen Verordnungen, Gesetzen oder sons\u00adti\u00adgen Vorschriften, denen der Ver\u00adant\u00adwort\u00adli\u00adche unterliegt, vor\u00adge\u00adsehen wurde. Eine Sperrung oder L\u00f6schung der Daten erfolgt auch dann, wenn eine durch die genannten Normen vorgeschriebene Speicherfrist abl\u00e4uft, es sei denn, dass eine Erforderlichkeit zur wei\u00adte\u00adren Speicherung der Daten f\u00fcr einen Vertragsabschluss oder eine Vertragserf\u00fcllung besteht.<br \/>Wir erheben digitale Daten mittels Logfiles, um das Nutzungsverhalten und ggf. Lernwege nachverfolgen zu k\u00f6nnen.<br \/><strong>2. Zweck und Rechtsgrundlage f\u00fcr die Datenverarbeitung<\/strong><br \/>Die vor\u00fcbergehende Speicherung der IP-Adresse durch das System ist not\u00adwen\u00addig, um eine Auslieferung der Website an den Rechner des Nutzers zu er\u00adm\u00f6g\u00adli\u00adchen. Hierf\u00fcr muss die IP-Adresse des Nutzers f\u00fcr die Dauer der Sitzung ge\u00adspei\u00adchert bleiben. <br \/>Die Speicherung in Logfiles erfolgt, um die Funktionsf\u00e4higkeit der Website sicherzustellen. Zu\u00addem dienen uns die Daten zur Op\u00adti\u00admie\u00adrung der Website. Eine Auswertung der Daten zu Marketingzwecken findet in diesem Zu\u00adsam\u00admen\u00adhang nicht statt.\u00a0 <br \/>Die anonymisierten Daten werden innerhalb eines Forschungsvorhabens verwendet und ausgewertet. Die Datenverarbeitung erfolgt auf gegen Angriffe gesch\u00fctzten Ger\u00e4ten. Es erfolgt keine Weitergabe der Daten an unbefugte Dritte. Eine weitere Nutzung der Daten im Rahmen von Forschungszwecken ist gestattet, sofern Datenschutzrichtlinien und die Anonymit\u00e4t ber\u00fccksichtigt wird.<br \/><strong> 3. Dauer der Speicherung<\/strong><br \/>Die Verarbeitung findet w\u00e4h\u00adrend der Nutzung bis zum Ende der je\u00adwei\u00adligen Sitzung statt. Die Speicherung der Daten erfolgt bis zum Widerruf. Die anonymisierten Daten werden zu Forschungszwecken im Rahmen des Forschungsvorhabens nach Empfehlungen der Deutschen Forschungsgemeinschaft f\u00fcr mindestens 10 Jahre in gesicherten Systemen gespeichert.<br \/>Im Falle der Speicherung der Daten in Logfiles ist dies nach sp\u00e4testens 24 Stunden der Fall. Danach sind die IP-Adressen der Nutzer anonymisiert, sodass eine Zuordnung des aufrufenden Clients nicht mehr m\u00f6g\u00adlich ist.<\/p><p><strong>Zweck der Datenverarbeitung und Rechtsgrundlage<\/strong><br \/>Die Verarbeitung der personenbezogenen Daten aus der Eingabemaske dient uns allein zur Bearbeitung der Kontaktaufnahme. Im Falle einer Kontaktaufnahme per E-Mail liegt hieran auch das erforderliche berechtigte In\u00adte\u00adres\u00adse\u00ad an der Verarbeitung der Daten.<br \/>Rechtsgrundlage f\u00fcr die Verarbeitung der Daten ist bei Vorliegen einer Einwilligung des Nutzers Art. 6 Abs. 1 lit. a DSGVO. Rechtsgrundlage f\u00fcr die Verarbeitung der Daten, die im Zuge einer \u00dcbersendung einer E-Mail \u00fcbermittelt wer\u00adden, ist Art. 6 Abs. 1 lit. e DSGVO.<br \/><strong>\u00a0Dauer der Speicherung<\/strong><br \/>Die Daten wer\u00adden gel\u00f6scht, sobald sie f\u00fcr die Erreichung des Zweckes ihrer Erhebung nicht mehr er\u00adfor\u00adder\u00adlich sind. F\u00fcr die personenbezogenen Daten aus der Eingabemaske des Kontaktformulars und diejenigen, die per E-Mail \u00fcbersandt wur\u00adden, ist dies dann der Fall, wenn die jeweilige Konversation mit dem Nutzer beendet ist. Beendet ist die Konversation dann, wenn sich aus den Umst\u00e4nden entnehmen l\u00e4sst, dass der betroffene Sachverhalt abschlie\u00dfend gekl\u00e4rt ist.<\/p><p><strong>Rechte der betroffenen Personen<\/strong><br \/>Werden personenbezogene Daten von Ihnen verarbeitet, sind Sie betroffene Person i.S.d. DSGVO und es stehen Ihnen folgende Rechte ge\u00adgen\u00ad\u00fcber dem Verantwortlichen zu:<br \/>Wenn sie ih\u00adre Rechte in Anspruch nehmen wol\u00adlen, wenden Sie sich bitte an den Datenschutzbeauftragten der TU Dort\u00admund.<br \/><strong> 1. Auskunft (Art 15 DSGVO)<\/strong><br \/>Sie haben das Recht auf Auskunft \u00fcber Sie betreffende personenbezogene Daten, die erhoben, verarbeitet oder ggf. an Dritte \u00fcbermittelt wer\u00adden.<br \/><strong> 2. Widerspruch (Art. 21 DSGVO)<\/strong><br \/>Sie haben das Recht gegen die Verarbeitung Ihrer personenbezogenen Daten Widerspruch einzulegen, soweit die Verarbeitung auf der Grund\u00adla\u00adge von Art. 6 (1) e oder f DSGVO erfolgt.<br \/><strong> 3. L\u00f6schung (Art 17 DSGVO)<\/strong><br \/>Insbesondere nach Ablauf der gesetzlich vorgeschriebenen Aufbewahrungsfristen haben Sie ein Recht auf L\u00f6schung Ihrer Daten.<br \/><strong> 4. Einschr\u00e4nkung der Verarbeitung (Art 18 DSGVO)<\/strong><br \/>In be\u00adson\u00adde\u00adren F\u00e4llen haben Sie das Recht auf Einschr\u00e4nkung der Verarbeitung. Dies ist dann der Fall, wenn die Da\u00adten\u00adver\u00adar\u00adbei\u00adtung unrechtm\u00e4\u00dfig sein sollte, Sie die Richtigkeit der erhobenen Daten bestreiten oder ein Widerspruch gegen die Verarbeitung eingelegt haben. Ebenso k\u00f6n\u00adnen Sie eine Einschr\u00e4nkung der Verarbeitung verlangen, wenn die Daten auf\u00adgrund der Zweckerreichung einer L\u00f6schpflicht unterliegen, Sie sie jedoch zur Geltendmachung von rechtlichen Anspr\u00fcchen ben\u00f6tigen. Eine Einschr\u00e4nkung der Verarbeitung m\u00fcs\u00adsen Sie beantragen.<br \/><strong> 5. Berichtigung (Art 16 DSGVO)<\/strong><br \/>Sie haben das Recht auf Berichtigung unrichtiger personenbezogener Daten.<br \/><strong> 6. Recht auf Widerruf der <\/strong><strong>daten\u00adschutz\u00adrecht\u00adlichen<\/strong><strong> Einwilligungserkl\u00e4rung (Art 7 DSGVO)<\/strong><br \/>Sie haben das Recht, Ihre datenschutzrechtliche Einwilligungserkl\u00e4rung jederzeit zu widerrufen. Durch den Widerruf der Einwilligung wird die Rechtm\u00e4\u00dfigkeit der auf\u00adgrund der Einwilligung bis zum Widerruf erfolgten Verarbeitung nicht ber\u00fchrt.<br \/><strong> 7. Recht auf Beschwerde bei einer Aufsichtsbeh\u00f6rde<\/strong><br \/>Sie k\u00f6n\u00adnen sich jederzeit mit allen Fra\u00adgen zum Daten\u00adschutz und um sich zu beschweren an eine Datenschutzaufsichtsbeh\u00f6rde wenden. <\/p>\t\t\t\t\t\t<\/div>\n\t\t\t\t<\/div>\n\t\t\t\t<div class=\"elementor-element elementor-element-fc497ca elementor-view-default elementor-widget elementor-widget-icon\" data-id=\"fc497ca\" data-element_type=\"widget\" data-widget_type=\"icon.default\">\n\t\t\t\t<div class=\"elementor-widget-container\">\n\t\t\t\t\t<div class=\"elementor-icon-wrapper\">\n\t\t\t<div class=\"elementor-icon\">\n\t\t\t<i aria-hidden=\"true\" class=\"eci  chemdive-zweitespaket-taucher-chemdive\"><\/i>\t\t\t<\/div>\n\t\t<\/div>\n\t\t\t\t<\/div>\n\t\t\t\t<\/div>\n\t\t\t\t\t<\/div>\n\t\t<\/div>\n\t\t\t\t\t\t\t<\/div>\n\t\t<\/section>\n\t\t\t\t\t\t\t<\/div>\n\t\t","protected":false},"excerpt":{"rendered":"<p>Datenschutzerkl\u00e4rung Allgemeine VorbereitungenWir nehmen den Schutz von personenbezogenen Daten sehr ernst. Wir ver\u00adar\u00adbei\u00adten personenbezogene Daten, die beim Besuch unserer Web\u00adseiten erhoben wer\u00adden, unter Beachtung der geltenden daten\u00adschutz\u00adrecht\u00adlichen Bestimmungen. Es gelten ins\u00adbe\u00adson\u00adde\u00adre das Datenschutzgesetz NRW (DSG NRW), die Datenschutzgrundverordnung (DSGVO) und das Telemediengesetz.Alle Daten werden anonymisiert und vertraulich behandelt. Die Verwendung der Website setzt anonymisierte Accounts [&hellip;]<\/p>\n","protected":false},"author":2,"featured_media":0,"parent":0,"menu_order":2,"comment_status":"closed","ping_status":"closed","template":"elementor_header_footer","meta":{"footnotes":""},"class_list":["post-3887","page","type-page","status-publish","hentry"],"yoast_head":"<!-- This site is optimized with the Yoast SEO plugin v21.1 - https:\/\/yoast.com\/wordpress\/plugins\/seo\/ -->\n<title>Datenschutzerkl\u00e4rung - ChemDive<\/title>\n<meta name=\"description\" content=\"ChemDive - das digitale Planungstool f\u00fcr Unterricht mit UDL-Spin. Hier finden Sie unsere Datenschutzerkl\u00e4rung\" \/>\n<meta name=\"robots\" content=\"index, follow, max-snippet:-1, max-image-preview:large, max-video-preview:-1\" \/>\n<link rel=\"canonical\" href=\"https:\/\/chemdive.hollaender-web.com\/wordpress\/datenschutzerklaerung\/\" \/>\n<meta property=\"og:locale\" content=\"de_DE\" \/>\n<meta property=\"og:type\" content=\"article\" \/>\n<meta property=\"og:title\" content=\"Datenschutzerkl\u00e4rung - ChemDive\" \/>\n<meta property=\"og:description\" content=\"ChemDive - das digitale Planungstool f\u00fcr Unterricht mit UDL-Spin. Hier finden Sie unsere Datenschutzerkl\u00e4rung\" \/>\n<meta property=\"og:url\" content=\"https:\/\/chemdive.hollaender-web.com\/wordpress\/datenschutzerklaerung\/\" \/>\n<meta property=\"og:site_name\" content=\"ChemDive digital\" \/>\n<meta property=\"article:modified_time\" content=\"2023-12-27T13:17:07+00:00\" \/>\n<meta property=\"og:image\" content=\"https:\/\/chemdive.hollaender-web.com\/wordpress\/wp-content\/uploads\/2023\/02\/ChemDive-site-logo.png\" \/>\n\t<meta property=\"og:image:width\" content=\"1200\" \/>\n\t<meta property=\"og:image:height\" content=\"1200\" \/>\n\t<meta property=\"og:image:type\" content=\"image\/png\" \/>\n<meta name=\"twitter:card\" content=\"summary_large_image\" \/>\n<meta name=\"twitter:label1\" content=\"Gesch\u00e4tzte Lesezeit\" \/>\n\t<meta name=\"twitter:data1\" content=\"6 Minuten\" \/>\n<script type=\"application\/ld+json\" class=\"yoast-schema-graph\">{\"@context\":\"https:\/\/schema.org\",\"@graph\":[{\"@type\":\"WebPage\",\"@id\":\"https:\/\/chemdive.hollaender-web.com\/wordpress\/datenschutzerklaerung\/\",\"url\":\"https:\/\/chemdive.hollaender-web.com\/wordpress\/datenschutzerklaerung\/\",\"name\":\"Datenschutzerkl\u00e4rung - ChemDive\",\"isPartOf\":{\"@id\":\"https:\/\/chemdive.hollaender-web.com\/wordpress\/#website\"},\"datePublished\":\"2022-12-18T12:06:35+00:00\",\"dateModified\":\"2023-12-27T13:17:07+00:00\",\"description\":\"ChemDive - das digitale Planungstool f\u00fcr Unterricht mit UDL-Spin. Hier finden Sie unsere Datenschutzerkl\u00e4rung\",\"breadcrumb\":{\"@id\":\"https:\/\/chemdive.hollaender-web.com\/wordpress\/datenschutzerklaerung\/#breadcrumb\"},\"inLanguage\":\"de-DE\",\"potentialAction\":[{\"@type\":\"ReadAction\",\"target\":[\"https:\/\/chemdive.hollaender-web.com\/wordpress\/datenschutzerklaerung\/\"]}]},{\"@type\":\"BreadcrumbList\",\"@id\":\"https:\/\/chemdive.hollaender-web.com\/wordpress\/datenschutzerklaerung\/#breadcrumb\",\"itemListElement\":[{\"@type\":\"ListItem\",\"position\":1,\"name\":\"Startseite\",\"item\":\"https:\/\/chemdive.hollaender-web.com\/wordpress\/\"},{\"@type\":\"ListItem\",\"position\":2,\"name\":\"Datenschutzerkl\u00e4rung\"}]},{\"@type\":\"WebSite\",\"@id\":\"https:\/\/chemdive.hollaender-web.com\/wordpress\/#website\",\"url\":\"https:\/\/chemdive.hollaender-web.com\/wordpress\/\",\"name\":\"ChemDive\",\"description\":\"Das digitale Planungstool f\u00fcr Unterricht mit UDL-Spin.\",\"publisher\":{\"@id\":\"https:\/\/chemdive.hollaender-web.com\/wordpress\/#organization\"},\"potentialAction\":[{\"@type\":\"SearchAction\",\"target\":{\"@type\":\"EntryPoint\",\"urlTemplate\":\"https:\/\/chemdive.hollaender-web.com\/wordpress\/?s={search_term_string}\"},\"query-input\":\"required name=search_term_string\"}],\"inLanguage\":\"de-DE\"},{\"@type\":\"Organization\",\"@id\":\"https:\/\/chemdive.hollaender-web.com\/wordpress\/#organization\",\"name\":\"ChemDive\",\"url\":\"https:\/\/chemdive.hollaender-web.com\/wordpress\/\",\"logo\":{\"@type\":\"ImageObject\",\"inLanguage\":\"de-DE\",\"@id\":\"https:\/\/chemdive.hollaender-web.com\/wordpress\/#\/schema\/logo\/image\/\",\"url\":\"https:\/\/chemdive.hollaender-web.com\/wordpress\/wp-content\/uploads\/2023\/02\/ChemDive-site-logo.png\",\"contentUrl\":\"https:\/\/chemdive.hollaender-web.com\/wordpress\/wp-content\/uploads\/2023\/02\/ChemDive-site-logo.png\",\"width\":1200,\"height\":1200,\"caption\":\"ChemDive\"},\"image\":{\"@id\":\"https:\/\/chemdive.hollaender-web.com\/wordpress\/#\/schema\/logo\/image\/\"}}]}<\/script>\n<!-- \/ Yoast SEO plugin. -->","yoast_head_json":{"title":"Datenschutzerkl\u00e4rung - ChemDive","description":"ChemDive - das digitale Planungstool f\u00fcr Unterricht mit UDL-Spin. Hier finden Sie unsere Datenschutzerkl\u00e4rung","robots":{"index":"index","follow":"follow","max-snippet":"max-snippet:-1","max-image-preview":"max-image-preview:large","max-video-preview":"max-video-preview:-1"},"canonical":"https:\/\/chemdive.hollaender-web.com\/wordpress\/datenschutzerklaerung\/","og_locale":"de_DE","og_type":"article","og_title":"Datenschutzerkl\u00e4rung - ChemDive","og_description":"ChemDive - das digitale Planungstool f\u00fcr Unterricht mit UDL-Spin. Hier finden Sie unsere Datenschutzerkl\u00e4rung","og_url":"https:\/\/chemdive.hollaender-web.com\/wordpress\/datenschutzerklaerung\/","og_site_name":"ChemDive digital","article_modified_time":"2023-12-27T13:17:07+00:00","og_image":[{"width":1200,"height":1200,"url":"https:\/\/chemdive.hollaender-web.com\/wordpress\/wp-content\/uploads\/2023\/02\/ChemDive-site-logo.png","type":"image\/png"}],"twitter_card":"summary_large_image","twitter_misc":{"Gesch\u00e4tzte Lesezeit":"6 Minuten"},"schema":{"@context":"https:\/\/schema.org","@graph":[{"@type":"WebPage","@id":"https:\/\/chemdive.hollaender-web.com\/wordpress\/datenschutzerklaerung\/","url":"https:\/\/chemdive.hollaender-web.com\/wordpress\/datenschutzerklaerung\/","name":"Datenschutzerkl\u00e4rung - ChemDive","isPartOf":{"@id":"https:\/\/chemdive.hollaender-web.com\/wordpress\/#website"},"datePublished":"2022-12-18T12:06:35+00:00","dateModified":"2023-12-27T13:17:07+00:00","description":"ChemDive - das digitale Planungstool f\u00fcr Unterricht mit UDL-Spin. Hier finden Sie unsere Datenschutzerkl\u00e4rung","breadcrumb":{"@id":"https:\/\/chemdive.hollaender-web.com\/wordpress\/datenschutzerklaerung\/#breadcrumb"},"inLanguage":"de-DE","potentialAction":[{"@type":"ReadAction","target":["https:\/\/chemdive.hollaender-web.com\/wordpress\/datenschutzerklaerung\/"]}]},{"@type":"BreadcrumbList","@id":"https:\/\/chemdive.hollaender-web.com\/wordpress\/datenschutzerklaerung\/#breadcrumb","itemListElement":[{"@type":"ListItem","position":1,"name":"Startseite","item":"https:\/\/chemdive.hollaender-web.com\/wordpress\/"},{"@type":"ListItem","position":2,"name":"Datenschutzerkl\u00e4rung"}]},{"@type":"WebSite","@id":"https:\/\/chemdive.hollaender-web.com\/wordpress\/#website","url":"https:\/\/chemdive.hollaender-web.com\/wordpress\/","name":"ChemDive","description":"Das digitale Planungstool f\u00fcr Unterricht mit UDL-Spin.","publisher":{"@id":"https:\/\/chemdive.hollaender-web.com\/wordpress\/#organization"},"potentialAction":[{"@type":"SearchAction","target":{"@type":"EntryPoint","urlTemplate":"https:\/\/chemdive.hollaender-web.com\/wordpress\/?s={search_term_string}"},"query-input":"required name=search_term_string"}],"inLanguage":"de-DE"},{"@type":"Organization","@id":"https:\/\/chemdive.hollaender-web.com\/wordpress\/#organization","name":"ChemDive","url":"https:\/\/chemdive.hollaender-web.com\/wordpress\/","logo":{"@type":"ImageObject","inLanguage":"de-DE","@id":"https:\/\/chemdive.hollaender-web.com\/wordpress\/#\/schema\/logo\/image\/","url":"https:\/\/chemdive.hollaender-web.com\/wordpress\/wp-content\/uploads\/2023\/02\/ChemDive-site-logo.png","contentUrl":"https:\/\/chemdive.hollaender-web.com\/wordpress\/wp-content\/uploads\/2023\/02\/ChemDive-site-logo.png","width":1200,"height":1200,"caption":"ChemDive"},"image":{"@id":"https:\/\/chemdive.hollaender-web.com\/wordpress\/#\/schema\/logo\/image\/"}}]}},"_links":{"self":[{"href":"https:\/\/chemdive.hollaender-web.com\/wordpress\/wp-json\/wp\/v2\/pages\/3887","targetHints":{"allow":["GET"]}}],"collection":[{"href":"https:\/\/chemdive.hollaender-web.com\/wordpress\/wp-json\/wp\/v2\/pages"}],"about":[{"href":"https:\/\/chemdive.hollaender-web.com\/wordpress\/wp-json\/wp\/v2\/types\/page"}],"author":[{"embeddable":true,"href":"https:\/\/chemdive.hollaender-web.com\/wordpress\/wp-json\/wp\/v2\/users\/2"}],"replies":[{"embeddable":true,"href":"https:\/\/chemdive.hollaender-web.com\/wordpress\/wp-json\/wp\/v2\/comments?post=3887"}],"version-history":[{"count":39,"href":"https:\/\/chemdive.hollaender-web.com\/wordpress\/wp-json\/wp\/v2\/pages\/3887\/revisions"}],"predecessor-version":[{"id":6624,"href":"https:\/\/chemdive.hollaender-web.com\/wordpress\/wp-json\/wp\/v2\/pages\/3887\/revisions\/6624"}],"wp:attachment":[{"href":"https:\/\/chemdive.hollaender-web.com\/wordpress\/wp-json\/wp\/v2\/media?parent=3887"}],"curies":[{"name":"wp","href":"https:\/\/api.w.org\/{rel}","templated":true}]}}